{"id":7,"date":"2025-12-08T19:44:16","date_gmt":"2025-12-08T19:44:16","guid":{"rendered":"https:\/\/jobboard.reditec.org\/index.php\/tableau-de-bord-des-offres-demploi\/"},"modified":"2025-12-08T19:44:16","modified_gmt":"2025-12-08T19:44:16","slug":"tableau-de-bord-des-offres-demploi","status":"publish","type":"page","link":"https:\/\/jobboard.reditec.org\/index.php\/tableau-de-bord-des-offres-demploi\/","title":{"rendered":"Tableau de bord des offres d\u2019emploi"},"content":{"rendered":"<div id=\"job-manager-job-dashboard\">\n\n\t<p class=\"account-sign-in\">Vous devez \u00eatre connect\u00e9 pour g\u00e9rer vos offres. <a class=\"button\" href=\"https:\/\/jobboard.reditec.org\/wp-login.php?redirect_to=https%3A%2F%2Fjobboard.reditec.org%2Findex.php%2Ftableau-de-bord-des-offres-demploi%2F\">Se connecter<\/a><\/p>\n\n<\/div>\n\n","protected":false},"excerpt":{"rendered":"","protected":false},"author":1,"featured_media":0,"parent":0,"menu_order":0,"comment_status":"closed","ping_status":"closed","template":"","meta":{"footnotes":""},"class_list":["post-7","page","type-page","status-publish","hentry"],"_links":{"self":[{"href":"https:\/\/jobboard.reditec.org\/index.php\/wp-json\/wp\/v2\/pages\/7","targetHints":{"allow":["GET"]}}],"collection":[{"href":"https:\/\/jobboard.reditec.org\/index.php\/wp-json\/wp\/v2\/pages"}],"about":[{"href":"https:\/\/jobboard.reditec.org\/index.php\/wp-json\/wp\/v2\/types\/page"}],"author":[{"embeddable":true,"href":"https:\/\/jobboard.reditec.org\/index.php\/wp-json\/wp\/v2\/users\/1"}],"replies":[{"embeddable":true,"href":"https:\/\/jobboard.reditec.org\/index.php\/wp-json\/wp\/v2\/comments?post=7"}],"version-history":[{"count":0,"href":"https:\/\/jobboard.reditec.org\/index.php\/wp-json\/wp\/v2\/pages\/7\/revisions"}],"wp:attachment":[{"href":"https:\/\/jobboard.reditec.org\/index.php\/wp-json\/wp\/v2\/media?parent=7"}],"curies":[{"name":"wp","href":"https:\/\/api.w.org\/{rel}","templated":true}]}}